{"id":31324,"date":"2026-02-16T21:07:44","date_gmt":"2026-02-16T21:07:44","guid":{"rendered":"https:\/\/elysiumvita.ro\/?post_type=product&#038;p=31324"},"modified":"2026-02-25T16:20:25","modified_gmt":"2026-02-25T16:20:25","slug":"mesteacan-argintiu","status":"publish","type":"product","link":"https:\/\/elysiumvita.ro\/en\/shop\/mesteacan-argintiu\/","title":{"rendered":"Mesteac\u0103n Argintiu (Betula pendula)"},"content":{"rendered":"<p>Mesteac\u0103nul Argintiu impresioneaz\u0103 prin trunchiul s\u0103u luminos \u0219i silueta delicat\u0103. Reprezint\u0103 puritatea, lini\u0219tea \u0219i re\u00eennoirea, fiind adesea asociat cu \u00eenceputuri noi \u0219i continuitate.<\/p>\n<p>Acest puiet transform\u0103 orice spa\u021biu \u00eentr-un loc senin, unde natura p\u0103streaz\u0103 vie leg\u0103tura dintre trecut \u0219i prezent, oferind un cadru potrivit pentru momentele de reculegere.<\/p>\n<ul>\n<li data-start=\"0\" data-end=\"28\">\n<p data-start=\"2\" data-end=\"28\"><strong data-start=\"2\" data-end=\"20\" data-is-only-node=\"\">Tip de plant\u0103:<\/strong> Copac<\/p>\n<\/li>\n<li data-start=\"29\" data-end=\"54\">\n<p data-start=\"31\" data-end=\"54\"><strong data-start=\"31\" data-end=\"44\" data-is-only-node=\"\">\u00cen\u0103l\u021bime:<\/strong> 15\u201320 m<\/p>\n<\/li>\n<li data-start=\"55\" data-end=\"108\">\n<p data-start=\"57\" data-end=\"108\"><strong data-start=\"57\" data-end=\"68\" data-is-only-node=\"\">Aspect:<\/strong> Coroan\u0103 r\u0103sfirat\u0103, cu nuiele at\u00e2rn\u00e2nd<\/p>\n<\/li>\n<li data-start=\"109\" data-end=\"154\">\n<p data-start=\"111\" data-end=\"154\"><strong data-start=\"111\" data-end=\"131\" data-is-only-node=\"\">Culoare frunzi\u0219:<\/strong> verde, toamna galben<\/p>\n<\/li>\n<li data-start=\"155\" data-end=\"201\">\n<p data-start=\"157\" data-end=\"201\"><strong data-start=\"157\" data-end=\"183\" data-is-only-node=\"\">Perioada de \u00eenflorire:<\/strong> necaracteristic<\/p>\n<\/li>\n<li data-start=\"202\" data-end=\"243\">\n<p data-start=\"204\" data-end=\"243\"><strong data-start=\"204\" data-end=\"226\" data-is-only-node=\"\">Culoarea florilor:<\/strong> nesemnificativ<\/p>\n<\/li>\n<li data-start=\"244\" data-end=\"284\">\n<p data-start=\"246\" data-end=\"284\"><strong data-start=\"246\" data-end=\"268\" data-is-only-node=\"\">Necesar de lumin\u0103:<\/strong> lumin\u0103 solar\u0103<\/p>\n<\/li>\n<li data-start=\"285\" data-end=\"329\">\n<p data-start=\"287\" data-end=\"329\"><strong data-start=\"287\" data-end=\"308\" data-is-only-node=\"\">Necesarul de ap\u0103:<\/strong> volum mediu de ap\u0103<\/p>\n<\/li>\n<li data-start=\"330\" data-end=\"407\">\n<p data-start=\"332\" data-end=\"407\"><strong data-start=\"332\" data-end=\"356\" data-is-only-node=\"\">Cerin\u021be fa\u021b\u0103 de sol:<\/strong> cu excep\u021bia extremelor, se comport\u0103 bine oriunde<\/p>\n<\/li>\n<li data-start=\"408\" data-end=\"442\">\n<p data-start=\"410\" data-end=\"442\"><strong data-start=\"410\" data-end=\"424\" data-is-only-node=\"\">Utilizare:<\/strong> plantat solitar<\/p>\n<\/li>\n<li data-start=\"443\" data-end=\"476\" data-is-last-node=\"\">\n<p data-start=\"445\" data-end=\"476\" data-is-last-node=\"\"><strong data-start=\"445\" data-end=\"460\" data-is-only-node=\"\">Cerin\u021be pH:<\/strong> necaracteristic<\/p>\n<\/li>\n<\/ul>","protected":false},"excerpt":{"rendered":"<p>Mesteac\u0103nul Argintiu impresioneaz\u0103 prin trunchiul s\u0103u luminos \u0219i silueta delicat\u0103. Reprezint\u0103 puritatea, lini\u0219tea \u0219i re\u00eennoirea, fiind adesea asociat cu \u00eenceputuri noi \u0219i continuitate.<\/p>","protected":false},"featured_media":31325,"template":"","meta":[],"product_brand":[],"product_cat":[141],"product_tag":[],"class_list":{"0":"post-31324","1":"product","2":"type-product","3":"status-publish","4":"has-post-thumbnail","6":"product_cat-puieti","9":"first","10":"instock","11":"shipping-taxable","12":"product-type-simple"},"_links":{"self":[{"href":"https:\/\/elysiumvita.ro\/en\/wp-json\/wp\/v2\/product\/31324","targetHints":{"allow":["GET"]}}],"collection":[{"href":"https:\/\/elysiumvita.ro\/en\/wp-json\/wp\/v2\/product"}],"about":[{"href":"https:\/\/elysiumvita.ro\/en\/wp-json\/wp\/v2\/types\/product"}],"wp:featuredmedia":[{"embeddable":true,"href":"https:\/\/elysiumvita.ro\/en\/wp-json\/wp\/v2\/media\/31325"}],"wp:attachment":[{"href":"https:\/\/elysiumvita.ro\/en\/wp-json\/wp\/v2\/media?parent=31324"}],"wp:term":[{"taxonomy":"product_brand","embeddable":true,"href":"https:\/\/elysiumvita.ro\/en\/wp-json\/wp\/v2\/product_brand?post=31324"},{"taxonomy":"product_cat","embeddable":true,"href":"https:\/\/elysiumvita.ro\/en\/wp-json\/wp\/v2\/product_cat?post=31324"},{"taxonomy":"product_tag","embeddable":true,"href":"https:\/\/elysiumvita.ro\/en\/wp-json\/wp\/v2\/product_tag?post=31324"}],"curies":[{"name":"wp","href":"https:\/\/api.w.org\/{rel}","templated":true}]}}