{"id":31320,"date":"2026-02-16T21:05:19","date_gmt":"2026-02-16T21:05:19","guid":{"rendered":"https:\/\/elysiumvita.ro\/?post_type=product&#038;p=31320"},"modified":"2026-02-25T16:20:25","modified_gmt":"2026-02-25T16:20:25","slug":"salcam-globular","status":"publish","type":"product","link":"https:\/\/elysiumvita.ro\/en\/shop\/salcam-globular\/","title":{"rendered":"Salc\u00e2m Globular (Robinia pseudoacacia \u2018Umbraculifera\u2019)"},"content":{"rendered":"<p>Cu forma sa rotund\u0103 \u0219i echilibrat\u0103, Salc\u00e2mul Globular creeaz\u0103 un punct de lini\u0219te \u0219i armonie \u00een orice peisaj. Este o alegere potrivit\u0103 pentru cei care \u00ee\u0219i doresc un simbol discret, elegant \u0219i u\u0219or de integrat \u00een spa\u021bii private sau publice.<\/p>\n<p>Rezistent \u0219i adaptabil, acest copac devine, \u00een timp, un loc al reg\u0103sirii \u0219i al amintirilor p\u0103strate \u00een mod natural.<\/p>\n<ul>\n<li data-start=\"55\" data-end=\"83\">\n<p data-start=\"57\" data-end=\"83\"><strong data-start=\"57\" data-end=\"75\" data-is-only-node=\"\">Tip de plant\u0103:<\/strong> Copac<\/p>\n<\/li>\n<li data-start=\"84\" data-end=\"129\">\n<p data-start=\"86\" data-end=\"129\"><strong data-start=\"86\" data-end=\"99\" data-is-only-node=\"\">\u00cen\u0103l\u021bime:<\/strong> +2\u20133 m din loca\u021bia altoirii<\/p>\n<\/li>\n<li data-start=\"130\" data-end=\"161\">\n<p data-start=\"132\" data-end=\"161\"><strong data-start=\"132\" data-end=\"143\" data-is-only-node=\"\">Aspect:<\/strong> Coroan\u0103 rotund\u0103<\/p>\n<\/li>\n<li data-start=\"162\" data-end=\"192\">\n<p data-start=\"164\" data-end=\"192\"><strong data-start=\"164\" data-end=\"184\" data-is-only-node=\"\">Culoare frunzi\u0219:<\/strong> verde<\/p>\n<\/li>\n<li data-start=\"193\" data-end=\"239\">\n<p data-start=\"195\" data-end=\"239\"><strong data-start=\"195\" data-end=\"221\" data-is-only-node=\"\">Perioada de \u00eenflorire:<\/strong> necaracteristic<\/p>\n<\/li>\n<li data-start=\"240\" data-end=\"281\">\n<p data-start=\"242\" data-end=\"281\"><strong data-start=\"242\" data-end=\"264\" data-is-only-node=\"\">Culoarea florilor:<\/strong> nesemnificativ<\/p>\n<\/li>\n<li data-start=\"282\" data-end=\"322\">\n<p data-start=\"284\" data-end=\"322\"><strong data-start=\"284\" data-end=\"306\" data-is-only-node=\"\">Necesar de lumin\u0103:<\/strong> lumin\u0103 solar\u0103<\/p>\n<\/li>\n<li data-start=\"323\" data-end=\"376\">\n<p data-start=\"325\" data-end=\"376\"><strong data-start=\"325\" data-end=\"346\" data-is-only-node=\"\">Necesarul de ap\u0103:<\/strong> moderat rezistent la secet\u0103<\/p>\n<\/li>\n<li data-start=\"377\" data-end=\"454\">\n<p data-start=\"379\" data-end=\"454\"><strong data-start=\"379\" data-end=\"403\" data-is-only-node=\"\">Cerin\u021be fa\u021b\u0103 de sol:<\/strong> cu excep\u021bia extremelor, se comport\u0103 bine oriunde<\/p>\n<\/li>\n<li data-start=\"455\" data-end=\"504\">\n<p data-start=\"457\" data-end=\"504\"><strong data-start=\"457\" data-end=\"471\" data-is-only-node=\"\">Utilizare:<\/strong> \u00een \u0219iruri de copaci, pe str\u0103zi<\/p>\n<\/li>\n<li data-start=\"505\" data-end=\"538\" data-is-last-node=\"\">\n<p data-start=\"507\" data-end=\"538\" data-is-last-node=\"\"><strong data-start=\"507\" data-end=\"522\" data-is-only-node=\"\">Cerin\u021be pH:<\/strong> necaracteristic<\/p>\n<\/li>\n<\/ul>","protected":false},"excerpt":{"rendered":"<p>Cu forma sa rotund\u0103 \u0219i echilibrat\u0103, Salc\u00e2mul Globular creeaz\u0103 un punct de lini\u0219te \u0219i armonie \u00een orice peisaj. Este o alegere potrivit\u0103 pentru cei care \u00ee\u0219i doresc un simbol discret, elegant \u0219i u\u0219or de integrat \u00een spa\u021bii private sau publice.<\/p>","protected":false},"featured_media":31321,"template":"","meta":[],"product_brand":[],"product_cat":[141],"product_tag":[],"class_list":{"0":"post-31320","1":"product","2":"type-product","3":"status-publish","4":"has-post-thumbnail","6":"product_cat-puieti","9":"first","10":"instock","11":"shipping-taxable","12":"product-type-simple"},"_links":{"self":[{"href":"https:\/\/elysiumvita.ro\/en\/wp-json\/wp\/v2\/product\/31320","targetHints":{"allow":["GET"]}}],"collection":[{"href":"https:\/\/elysiumvita.ro\/en\/wp-json\/wp\/v2\/product"}],"about":[{"href":"https:\/\/elysiumvita.ro\/en\/wp-json\/wp\/v2\/types\/product"}],"wp:featuredmedia":[{"embeddable":true,"href":"https:\/\/elysiumvita.ro\/en\/wp-json\/wp\/v2\/media\/31321"}],"wp:attachment":[{"href":"https:\/\/elysiumvita.ro\/en\/wp-json\/wp\/v2\/media?parent=31320"}],"wp:term":[{"taxonomy":"product_brand","embeddable":true,"href":"https:\/\/elysiumvita.ro\/en\/wp-json\/wp\/v2\/product_brand?post=31320"},{"taxonomy":"product_cat","embeddable":true,"href":"https:\/\/elysiumvita.ro\/en\/wp-json\/wp\/v2\/product_cat?post=31320"},{"taxonomy":"product_tag","embeddable":true,"href":"https:\/\/elysiumvita.ro\/en\/wp-json\/wp\/v2\/product_tag?post=31320"}],"curies":[{"name":"wp","href":"https:\/\/api.w.org\/{rel}","templated":true}]}}