{"id":31316,"date":"2026-02-16T21:02:26","date_gmt":"2026-02-16T21:02:26","guid":{"rendered":"https:\/\/elysiumvita.ro\/?post_type=product&#038;p=31316"},"modified":"2026-02-25T16:20:25","modified_gmt":"2026-02-25T16:20:25","slug":"stejar","status":"publish","type":"product","link":"https:\/\/elysiumvita.ro\/en\/shop\/stejar\/","title":{"rendered":"Stejar (Quercus robur)"},"content":{"rendered":"<p>Stejarul este recunoscut de secole ca simbol al puterii, rezisten\u021bei \u0219i longevit\u0103\u021bii. Alegerea acestui puiet \u00eenseamn\u0103 crearea unui memorial viu, care cre\u0219te \u0219i se dezvolt\u0103 odat\u0103 cu timpul.<\/p>\n<p>Prin prezen\u021ba sa impun\u0103toare \u0219i calm\u0103, stejarul ofer\u0103 un spa\u021biu de reflec\u021bie \u0219i conexiune cu natura, p\u0103str\u00e2nd vie amintirea \u00eentr-o form\u0103 natural\u0103 \u0219i durabil\u0103.<\/p>\n<ul>\n<li data-start=\"0\" data-end=\"28\">\n<p data-start=\"2\" data-end=\"28\"><strong data-start=\"2\" data-end=\"20\" data-is-only-node=\"\">Tip de plant\u0103:<\/strong> Copac<\/p>\n<\/li>\n<li data-start=\"29\" data-end=\"54\">\n<p data-start=\"31\" data-end=\"54\"><strong data-start=\"31\" data-end=\"44\" data-is-only-node=\"\">\u00cen\u0103l\u021bime:<\/strong> 20\u201330 m<\/p>\n<\/li>\n<li data-start=\"55\" data-end=\"91\">\n<p data-start=\"57\" data-end=\"91\"><strong data-start=\"57\" data-end=\"68\" data-is-only-node=\"\">Aspect:<\/strong> ramificat, corpolent<\/p>\n<\/li>\n<li data-start=\"92\" data-end=\"122\">\n<p data-start=\"94\" data-end=\"122\"><strong data-start=\"94\" data-end=\"114\" data-is-only-node=\"\">Culoare frunzi\u0219:<\/strong> verde<\/p>\n<\/li>\n<li data-start=\"123\" data-end=\"169\">\n<p data-start=\"125\" data-end=\"169\"><strong data-start=\"125\" data-end=\"151\" data-is-only-node=\"\">Perioada de \u00eenflorire:<\/strong> necaracteristic<\/p>\n<\/li>\n<li data-start=\"170\" data-end=\"211\">\n<p data-start=\"172\" data-end=\"211\"><strong data-start=\"172\" data-end=\"194\" data-is-only-node=\"\">Culoarea florilor:<\/strong> nesemnificativ<\/p>\n<\/li>\n<li data-start=\"212\" data-end=\"233\">\n<p data-start=\"214\" data-end=\"233\"><strong data-start=\"214\" data-end=\"224\" data-is-only-node=\"\">Fruct:<\/strong> ghind\u0103<\/p>\n<\/li>\n<li data-start=\"234\" data-end=\"274\">\n<p data-start=\"236\" data-end=\"274\"><strong data-start=\"236\" data-end=\"258\" data-is-only-node=\"\">Necesar de lumin\u0103:<\/strong> lumin\u0103 solar\u0103<\/p>\n<\/li>\n<li data-start=\"275\" data-end=\"319\">\n<p data-start=\"277\" data-end=\"319\"><strong data-start=\"277\" data-end=\"298\" data-is-only-node=\"\">Necesarul de ap\u0103:<\/strong> volum mediu de ap\u0103<\/p>\n<\/li>\n<li data-start=\"320\" data-end=\"379\">\n<p data-start=\"322\" data-end=\"379\"><strong data-start=\"322\" data-end=\"346\" data-is-only-node=\"\">Cerin\u021be fa\u021b\u0103 de sol:<\/strong> soluri af\u00e2nate, fertile, umede<\/p>\n<\/li>\n<li data-start=\"380\" data-end=\"430\">\n<p data-start=\"382\" data-end=\"430\"><strong data-start=\"382\" data-end=\"396\" data-is-only-node=\"\">Utilizare:<\/strong> \u00een parcuri, \u00een \u0219iruri de copaci<\/p>\n<\/li>\n<li data-start=\"431\" data-end=\"464\" data-is-last-node=\"\">\n<p data-start=\"433\" data-end=\"464\" data-is-last-node=\"\"><strong data-start=\"433\" data-end=\"448\" data-is-only-node=\"\">Cerin\u021be pH:<\/strong> necaracteristic<\/p>\n<\/li>\n<\/ul>","protected":false},"excerpt":{"rendered":"<p>Stejarul este recunoscut de secole ca simbol al puterii, rezisten\u021bei \u0219i longevit\u0103\u021bii. Alegerea acestui puiet \u00eenseamn\u0103 crearea unui memorial viu, care cre\u0219te \u0219i se dezvolt\u0103 odat\u0103 cu timpul.<\/p>","protected":false},"featured_media":31317,"template":"","meta":[],"product_brand":[],"product_cat":[141],"product_tag":[],"class_list":{"0":"post-31316","1":"product","2":"type-product","3":"status-publish","4":"has-post-thumbnail","6":"product_cat-puieti","9":"first","10":"instock","11":"shipping-taxable","12":"product-type-simple"},"_links":{"self":[{"href":"https:\/\/elysiumvita.ro\/en\/wp-json\/wp\/v2\/product\/31316","targetHints":{"allow":["GET"]}}],"collection":[{"href":"https:\/\/elysiumvita.ro\/en\/wp-json\/wp\/v2\/product"}],"about":[{"href":"https:\/\/elysiumvita.ro\/en\/wp-json\/wp\/v2\/types\/product"}],"wp:featuredmedia":[{"embeddable":true,"href":"https:\/\/elysiumvita.ro\/en\/wp-json\/wp\/v2\/media\/31317"}],"wp:attachment":[{"href":"https:\/\/elysiumvita.ro\/en\/wp-json\/wp\/v2\/media?parent=31316"}],"wp:term":[{"taxonomy":"product_brand","embeddable":true,"href":"https:\/\/elysiumvita.ro\/en\/wp-json\/wp\/v2\/product_brand?post=31316"},{"taxonomy":"product_cat","embeddable":true,"href":"https:\/\/elysiumvita.ro\/en\/wp-json\/wp\/v2\/product_cat?post=31316"},{"taxonomy":"product_tag","embeddable":true,"href":"https:\/\/elysiumvita.ro\/en\/wp-json\/wp\/v2\/product_tag?post=31316"}],"curies":[{"name":"wp","href":"https:\/\/api.w.org\/{rel}","templated":true}]}}