{"id":31311,"date":"2026-02-14T12:21:20","date_gmt":"2026-02-14T12:21:20","guid":{"rendered":"https:\/\/elysiumvita.ro\/?post_type=product&#038;p=31311"},"modified":"2026-02-25T16:20:25","modified_gmt":"2026-02-25T16:20:25","slug":"paltin-de-munte","status":"publish","type":"product","link":"https:\/\/elysiumvita.ro\/en\/shop\/paltin-de-munte\/","title":{"rendered":"Mountain paltain"},"content":{"rendered":"<p>Paltinul de Munte este un simbol al stabilit\u0103\u021bii \u0219i al continuit\u0103\u021bii \u00een natur\u0103. Cu o cre\u0219tere armonioas\u0103 \u0219i un frunzi\u0219 bogat, acest puiet devine, \u00een timp, un reper natural plin de via\u021b\u0103, potrivit pentru a marca un loc al amintirii \u0219i al lini\u0219tii.<\/p>\n<p>Plantat cu grij\u0103, paltinul ofer\u0103 umbr\u0103, protec\u021bie \u0219i un sentiment de permanen\u021b\u0103, transform\u00e2nd orice spa\u021biu \u00eentr-un col\u021b de reculegere \u0219i echilibru.<\/p>\n<ul>\n<li data-start=\"38\" data-end=\"66\">\n<p data-start=\"40\" data-end=\"66\"><strong data-start=\"40\" data-end=\"58\" data-is-only-node=\"\">Tip de plant\u0103:<\/strong> Copac<\/p>\n<\/li>\n<li data-start=\"67\" data-end=\"92\">\n<p data-start=\"69\" data-end=\"92\"><strong data-start=\"69\" data-end=\"82\" data-is-only-node=\"\">\u00cen\u0103l\u021bime:<\/strong> 20\u201330 m<\/p>\n<\/li>\n<li data-start=\"93\" data-end=\"138\">\n<p data-start=\"95\" data-end=\"138\"><strong data-start=\"95\" data-end=\"115\" data-is-only-node=\"\">Culoare frunzi\u0219:<\/strong> verde, toamna galben<\/p>\n<\/li>\n<li data-start=\"139\" data-end=\"181\">\n<p data-start=\"141\" data-end=\"181\"><strong data-start=\"141\" data-end=\"167\" data-is-only-node=\"\">Perioada de \u00eenflorire:<\/strong> aprilie\u2013mai<\/p>\n<\/li>\n<li data-start=\"182\" data-end=\"221\">\n<p data-start=\"184\" data-end=\"221\"><strong data-start=\"184\" data-end=\"206\" data-is-only-node=\"\">Culoarea florilor:<\/strong> verde-g\u0103lbui<\/p>\n<\/li>\n<li data-start=\"222\" data-end=\"245\">\n<p data-start=\"224\" data-end=\"245\"><strong data-start=\"224\" data-end=\"234\" data-is-only-node=\"\">Fruct:<\/strong> disamare<\/p>\n<\/li>\n<li data-start=\"246\" data-end=\"286\">\n<p data-start=\"248\" data-end=\"286\"><strong data-start=\"248\" data-end=\"270\" data-is-only-node=\"\">Necesar de lumin\u0103:<\/strong> lumin\u0103 solar\u0103<\/p>\n<\/li>\n<li data-start=\"287\" data-end=\"331\">\n<p data-start=\"289\" data-end=\"331\"><strong data-start=\"289\" data-end=\"310\" data-is-only-node=\"\">Necesarul de ap\u0103:<\/strong> volum mediu de ap\u0103<\/p>\n<\/li>\n<li data-start=\"332\" data-end=\"391\">\n<p data-start=\"334\" data-end=\"391\"><strong data-start=\"334\" data-end=\"358\" data-is-only-node=\"\">Cerin\u021be fa\u021b\u0103 de sol:<\/strong> soluri af\u00e2nate, fertile, umede<\/p>\n<\/li>\n<li data-start=\"392\" data-end=\"442\">\n<p data-start=\"394\" data-end=\"442\"><strong data-start=\"394\" data-end=\"408\" data-is-only-node=\"\">Utilizare:<\/strong> \u00een parcuri, \u00een \u0219iruri de copaci<\/p>\n<\/li>\n<li data-start=\"443\" data-end=\"476\" data-is-last-node=\"\">\n<p data-start=\"445\" data-end=\"476\" data-is-last-node=\"\"><strong data-start=\"445\" data-end=\"460\" data-is-only-node=\"\">Cerin\u021be pH:<\/strong> necaracteristic<\/p>\n<\/li>\n<\/ul>","protected":false},"excerpt":{"rendered":"<p>Paltinul de Munte este un simbol al stabilit\u0103\u021bii \u0219i al continuit\u0103\u021bii \u00een natur\u0103. Cu o cre\u0219tere armonioas\u0103 \u0219i un frunzi\u0219 bogat, acest puiet devine, \u00een timp, un reper natural plin de via\u021b\u0103, potrivit pentru a marca un loc al amintirii \u0219i al lini\u0219tii.<\/p>","protected":false},"featured_media":31313,"template":"","meta":[],"product_brand":[],"product_cat":[141],"product_tag":[],"class_list":{"0":"post-31311","1":"product","2":"type-product","3":"status-publish","4":"has-post-thumbnail","6":"product_cat-puieti","9":"first","10":"instock","11":"shipping-taxable","12":"product-type-simple"},"_links":{"self":[{"href":"https:\/\/elysiumvita.ro\/en\/wp-json\/wp\/v2\/product\/31311","targetHints":{"allow":["GET"]}}],"collection":[{"href":"https:\/\/elysiumvita.ro\/en\/wp-json\/wp\/v2\/product"}],"about":[{"href":"https:\/\/elysiumvita.ro\/en\/wp-json\/wp\/v2\/types\/product"}],"wp:featuredmedia":[{"embeddable":true,"href":"https:\/\/elysiumvita.ro\/en\/wp-json\/wp\/v2\/media\/31313"}],"wp:attachment":[{"href":"https:\/\/elysiumvita.ro\/en\/wp-json\/wp\/v2\/media?parent=31311"}],"wp:term":[{"taxonomy":"product_brand","embeddable":true,"href":"https:\/\/elysiumvita.ro\/en\/wp-json\/wp\/v2\/product_brand?post=31311"},{"taxonomy":"product_cat","embeddable":true,"href":"https:\/\/elysiumvita.ro\/en\/wp-json\/wp\/v2\/product_cat?post=31311"},{"taxonomy":"product_tag","embeddable":true,"href":"https:\/\/elysiumvita.ro\/en\/wp-json\/wp\/v2\/product_tag?post=31311"}],"curies":[{"name":"wp","href":"https:\/\/api.w.org\/{rel}","templated":true}]}}